{"id":3,"date":"2025-03-07T11:11:11","date_gmt":"2025-03-07T11:11:11","guid":{"rendered":"http:\/\/elatelier.net\/?page_id=3"},"modified":"2025-04-04T07:10:59","modified_gmt":"2025-04-04T07:10:59","slug":"politica-privacidad","status":"publish","type":"page","link":"https:\/\/elatelier.net\/en\/politica-privacidad\/","title":{"rendered":"Privacy policy"},"content":{"rendered":"<p data-pm-slice=\"1 1 []\">The present Privacy Policy regulates the processing of personal data of users who interact with the web site <a>https:\/\/elatelier.net\/<\/a>, the property of <strong>The Atelier Retail S. L. U.<\/strong>.<\/p>\n<p><strong>1. IDENTITY OF THE CONTROLLER<\/strong><\/p>\n<ul data-spread=\"false\">\n<li><strong>Social reason:<\/strong> The Atelier Retail S. L. U.<\/li>\n<li><strong>NIF:<\/strong> B56689615<\/li>\n<li><strong>Registered office:<\/strong> Calle Gardenia, 2, 28109, Alcobendas, Spain<\/li>\n<li><strong>Contact email:<\/strong> <a>info@elatelier.net<\/a><\/li>\n<\/ul>\n<p><strong>2. PURPOSE OF THE PROCESSING OF PERSONAL DATA<\/strong><\/p>\n<p>The Atelier Retail S. L. U. collects and processes the personal data of the users for the following purposes:<\/p>\n<ul data-spread=\"false\">\n<li><strong>Manage the relationship with the users:<\/strong> Respond to inquiries, requests for information or any other communication sent through the contact forms or e-mail.<\/li>\n<li><strong>Provision of services:<\/strong> To manage the contracting of the services offered on the website, including billing, and compliance with tax obligations and legal.<\/li>\n<li><strong>Commercial communications:<\/strong> Sending commercial information and news related to the services of The Atelier Retail S. L. U., as long as the user has granted their consent.<\/li>\n<li><strong>Improvement of the web:<\/strong> Analyze the use of the website to improve the user experience.<\/li>\n<\/ul>\n<p><strong>3. LEGAL BASIS FOR THE PROCESSING OF THE DATA<\/strong><\/p>\n<p>The processing of personal data is carried out based on:<\/p>\n<ul data-spread=\"false\">\n<li><strong>Execution of a contract:<\/strong> When the data are necessary for the provision of services.<\/li>\n<li><strong>User consent:<\/strong> For the sending of commercial communications, and the use of analytical cookies.<\/li>\n<li><strong>Fulfilment of legal obligations:<\/strong> For the treatment of data is required in fulfillment of tax obligations, or regulatory.<\/li>\n<\/ul>\n<p><strong>4. RETENTION OF DATA<\/strong><\/p>\n<p>The personal data will be kept for the time necessary to fulfil the purpose for which it was collected and as long as there is a contractual relationship or the user does not request its deletion. In certain cases, may be kept locked by the time required to fulfill legal obligations.<\/p>\n<p><strong>5. RECIPIENTS OF THE DATA<\/strong><\/p>\n<p>Personal data will not be passed on to third parties, except where necessary for the provision of the service, due to legal obligations or with the express consent of the user. There may be providers of external services that access data in quality of the responsible for the treatment.<\/p>\n<p><strong>6. USER&#039;S RIGHTS<\/strong><\/p>\n<p>The users may exercise the following rights in relation to your personal data:<\/p>\n<ul data-spread=\"false\">\n<li><strong>Right of access:<\/strong> To know what data are being treated.<\/li>\n<li><strong>Right of rectification:<\/strong> To request the correction of inaccurate or incomplete data.<\/li>\n<li><strong>Right to erasure:<\/strong> Ask for the deletion of your personal data when no longer needed for the purposes for which they were collected.<\/li>\n<li><strong>Right to the limitation of the treatment:<\/strong> Restrict the use of your data in certain cases.<\/li>\n<li><strong>Right to portability:<\/strong> Receive their data in a structured format and commonly used for its transfer to another person responsible.<\/li>\n<li><strong>Right of opposition:<\/strong> Object to the processing of your data when this is based on legitimate interest.<\/li>\n<li><strong>Right to withdraw consent:<\/strong> At any time, without this affecting the lawfulness of the processing prior to the withdrawal.<\/li>\n<\/ul>\n<p>To exercise these rights, the user may send a request to <a>info@elatelier.net<\/a> attaching a copy of your identity document.<\/p>\n<p><strong>7. SECURITY OF DATA<\/strong><\/p>\n<p>The Atelier Retail S. L. U. adopts the technical security measures and organisational measures to protect personal data against unauthorized access, alteration, loss or accidental destruction.<\/p>\n<p><strong>8. MODIFICATIONS OF THE PRIVACY POLICY<\/strong><\/p>\n<p>The Atelier Retail S. L. U. reserves the right to modify this policy to adapt it to new legislation or changes in their activities. Users are encouraged to periodically review this policy.<\/p>\n<p><strong>9. CONTACT<\/strong><\/p>\n<p>For any questions about this Privacy Policy or about the processing of your personal data, you may contact us at <a><strong>info@elatelier.net<\/strong><\/a>.<\/p>","protected":false},"excerpt":{"rendered":"<p>La presente Pol\u00edtica de Privacidad regula el tratamiento de datos personales de los usuarios que interact\u00faan con el sitio web [&hellip;]<\/p>","protected":false},"author":1,"featured_media":0,"parent":0,"menu_order":0,"comment_status":"closed","ping_status":"closed","template":"","meta":{"site-sidebar-layout":"default","site-content-layout":"","ast-site-content-layout":"default","site-content-style":"default","site-sidebar-style":"default","ast-global-header-display":"","ast-banner-title-visibility":"","ast-main-header-display":"","ast-hfb-above-header-display":"","ast-hfb-below-header-display":"","ast-hfb-mobile-header-display":"","site-post-title":"","ast-breadcrumbs-content":"","ast-featured-img":"","footer-sml-layout":"","ast-disable-related-posts":"","theme-transparent-header-meta":"default","adv-header-id-meta":"","stick-header-meta":"","header-above-stick-meta":"","header-main-stick-meta":"","header-below-stick-meta":"","astra-migrate-meta-layouts":"set","ast-page-background-enabled":"default","ast-page-background-meta":{"desktop":{"background-color":"var(--ast-global-color-5)","background-image":"","background-repeat":"repeat","background-position":"center center","background-size":"auto","background-attachment":"scroll","background-type":"","background-media":"","overlay-type":"","overlay-color":"","overlay-opacity":"","overlay-gradient":""},"tablet":{"background-color":"","background-image":"","background-repeat":"repeat","background-position":"center center","background-size":"auto","background-attachment":"scroll","background-type":"","background-media":"","overlay-type":"","overlay-color":"","overlay-opacity":"","overlay-gradient":""},"mobile":{"background-color":"","background-image":"","background-repeat":"repeat","background-position":"center center","background-size":"auto","background-attachment":"scroll","background-type":"","background-media":"","overlay-type":"","overlay-color":"","overlay-opacity":"","overlay-gradient":""}},"ast-content-background-meta":{"desktop":{"background-color":"var(--ast-global-color-4)","background-image":"","background-repeat":"repeat","background-position":"center center","background-size":"auto","background-attachment":"scroll","background-type":"","background-media":"","overlay-type":"","overlay-color":"","overlay-opacity":"","overlay-gradient":""},"tablet":{"background-color":"var(--ast-global-color-4)","background-image":"","background-repeat":"repeat","background-position":"center center","background-size":"auto","background-attachment":"scroll","background-type":"","background-media":"","overlay-type":"","overlay-color":"","overlay-opacity":"","overlay-gradient":""},"mobile":{"background-color":"var(--ast-global-color-4)","background-image":"","background-repeat":"repeat","background-position":"center center","background-size":"auto","background-attachment":"scroll","background-type":"","background-media":"","overlay-type":"","overlay-color":"","overlay-opacity":"","overlay-gradient":""}},"footnotes":""},"class_list":["post-3","page","type-page","status-publish","hentry"],"yoast_head":"<!-- This site is optimized with the Yoast SEO plugin v25.2 - https:\/\/yoast.com\/wordpress\/plugins\/seo\/ -->\n<title>Pol\u00edtica de Privacidad - Atelier - Proyectos de Retail<\/title>\n<meta name=\"robots\" content=\"noindex, follow\" \/>\n<meta property=\"og:locale\" content=\"en_GB\" \/>\n<meta property=\"og:type\" content=\"article\" \/>\n<meta property=\"og:title\" content=\"Pol\u00edtica de Privacidad - Atelier - Proyectos de Retail\" \/>\n<meta property=\"og:description\" content=\"La presente Pol\u00edtica de Privacidad regula el tratamiento de datos personales de los usuarios que interact\u00faan con el sitio web [&hellip;]\" \/>\n<meta property=\"og:url\" content=\"https:\/\/elatelier.net\/en\/politica-privacidad\/\" \/>\n<meta property=\"og:site_name\" content=\"Atelier - Proyectos de Retail\" \/>\n<meta property=\"article:modified_time\" content=\"2025-04-04T07:10:59+00:00\" \/>\n<meta name=\"twitter:card\" content=\"summary_large_image\" \/>\n<meta name=\"twitter:label1\" content=\"Estimated reading time\" \/>\n\t<meta name=\"twitter:data1\" content=\"3 minutes\" \/>\n<script type=\"application\/ld+json\" class=\"yoast-schema-graph\">{\"@context\":\"https:\/\/schema.org\",\"@graph\":[{\"@type\":\"WebPage\",\"@id\":\"https:\/\/elatelier.net\/politica-privacidad\/\",\"url\":\"https:\/\/elatelier.net\/politica-privacidad\/\",\"name\":\"Pol\u00edtica de Privacidad - Atelier - Proyectos de Retail\",\"isPartOf\":{\"@id\":\"https:\/\/elatelier.net\/#website\"},\"datePublished\":\"2025-03-07T11:11:11+00:00\",\"dateModified\":\"2025-04-04T07:10:59+00:00\",\"breadcrumb\":{\"@id\":\"https:\/\/elatelier.net\/politica-privacidad\/#breadcrumb\"},\"inLanguage\":\"en-GB\",\"potentialAction\":[{\"@type\":\"ReadAction\",\"target\":[\"https:\/\/elatelier.net\/politica-privacidad\/\"]}]},{\"@type\":\"BreadcrumbList\",\"@id\":\"https:\/\/elatelier.net\/politica-privacidad\/#breadcrumb\",\"itemListElement\":[{\"@type\":\"ListItem\",\"position\":1,\"name\":\"Portada\",\"item\":\"https:\/\/elatelier.net\/\"},{\"@type\":\"ListItem\",\"position\":2,\"name\":\"Pol\u00edtica de Privacidad\"}]},{\"@type\":\"WebSite\",\"@id\":\"https:\/\/elatelier.net\/#website\",\"url\":\"https:\/\/elatelier.net\/\",\"name\":\"Atelier - Proyectos de Retail\",\"description\":\"Las marcas de retail necesitan crear v\u00ednculos con sus consumidores y nosotros las ayudamos a encontrarlo con nuestra experiencia en arquitectura, marketing, log\u00edstica y neurociencia.\",\"publisher\":{\"@id\":\"https:\/\/elatelier.net\/#organization\"},\"potentialAction\":[{\"@type\":\"SearchAction\",\"target\":{\"@type\":\"EntryPoint\",\"urlTemplate\":\"https:\/\/elatelier.net\/?s={search_term_string}\"},\"query-input\":{\"@type\":\"PropertyValueSpecification\",\"valueRequired\":true,\"valueName\":\"search_term_string\"}}],\"inLanguage\":\"en-GB\"},{\"@type\":\"Organization\",\"@id\":\"https:\/\/elatelier.net\/#organization\",\"name\":\"Atelier - Proyectos de Retail\",\"url\":\"https:\/\/elatelier.net\/\",\"logo\":{\"@type\":\"ImageObject\",\"inLanguage\":\"en-GB\",\"@id\":\"https:\/\/elatelier.net\/#\/schema\/logo\/image\/\",\"url\":\"https:\/\/elatelier.net\/wp-content\/uploads\/2025\/03\/Log-El-Atelier.png\",\"contentUrl\":\"https:\/\/elatelier.net\/wp-content\/uploads\/2025\/03\/Log-El-Atelier.png\",\"width\":5906,\"height\":2041,\"caption\":\"Atelier - Proyectos de Retail\"},\"image\":{\"@id\":\"https:\/\/elatelier.net\/#\/schema\/logo\/image\/\"}}]}<\/script>\n<!-- \/ Yoast SEO plugin. -->","yoast_head_json":{"title":"Pol\u00edtica de Privacidad - Atelier - Proyectos de Retail","robots":{"index":"noindex","follow":"follow"},"og_locale":"en_GB","og_type":"article","og_title":"Pol\u00edtica de Privacidad - Atelier - Proyectos de Retail","og_description":"La presente Pol\u00edtica de Privacidad regula el tratamiento de datos personales de los usuarios que interact\u00faan con el sitio web [&hellip;]","og_url":"https:\/\/elatelier.net\/en\/politica-privacidad\/","og_site_name":"Atelier - Proyectos de Retail","article_modified_time":"2025-04-04T07:10:59+00:00","twitter_card":"summary_large_image","twitter_misc":{"Estimated reading time":"3 minutes"},"schema":{"@context":"https:\/\/schema.org","@graph":[{"@type":"WebPage","@id":"https:\/\/elatelier.net\/politica-privacidad\/","url":"https:\/\/elatelier.net\/politica-privacidad\/","name":"Pol\u00edtica de Privacidad - Atelier - Proyectos de Retail","isPartOf":{"@id":"https:\/\/elatelier.net\/#website"},"datePublished":"2025-03-07T11:11:11+00:00","dateModified":"2025-04-04T07:10:59+00:00","breadcrumb":{"@id":"https:\/\/elatelier.net\/politica-privacidad\/#breadcrumb"},"inLanguage":"en-GB","potentialAction":[{"@type":"ReadAction","target":["https:\/\/elatelier.net\/politica-privacidad\/"]}]},{"@type":"BreadcrumbList","@id":"https:\/\/elatelier.net\/politica-privacidad\/#breadcrumb","itemListElement":[{"@type":"ListItem","position":1,"name":"Portada","item":"https:\/\/elatelier.net\/"},{"@type":"ListItem","position":2,"name":"Pol\u00edtica de Privacidad"}]},{"@type":"WebSite","@id":"https:\/\/elatelier.net\/#website","url":"https:\/\/elatelier.net\/","name":"Atelier - Proyectos de Retail","description":"Retail brands need to build connections with their consumers, and we help them find it through our expertise in architecture, marketing, logistics, and neuroscience.","publisher":{"@id":"https:\/\/elatelier.net\/#organization"},"potentialAction":[{"@type":"SearchAction","target":{"@type":"EntryPoint","urlTemplate":"https:\/\/elatelier.net\/?s={search_term_string}"},"query-input":{"@type":"PropertyValueSpecification","valueRequired":true,"valueName":"search_term_string"}}],"inLanguage":"en-GB"},{"@type":"Organization","@id":"https:\/\/elatelier.net\/#organization","name":"Atelier - Proyectos de Retail","url":"https:\/\/elatelier.net\/","logo":{"@type":"ImageObject","inLanguage":"en-GB","@id":"https:\/\/elatelier.net\/#\/schema\/logo\/image\/","url":"https:\/\/elatelier.net\/wp-content\/uploads\/2025\/03\/Log-El-Atelier.png","contentUrl":"https:\/\/elatelier.net\/wp-content\/uploads\/2025\/03\/Log-El-Atelier.png","width":5906,"height":2041,"caption":"Atelier - Proyectos de Retail"},"image":{"@id":"https:\/\/elatelier.net\/#\/schema\/logo\/image\/"}}]}},"_links":{"self":[{"href":"https:\/\/elatelier.net\/en\/wp-json\/wp\/v2\/pages\/3","targetHints":{"allow":["GET"]}}],"collection":[{"href":"https:\/\/elatelier.net\/en\/wp-json\/wp\/v2\/pages"}],"about":[{"href":"https:\/\/elatelier.net\/en\/wp-json\/wp\/v2\/types\/page"}],"author":[{"embeddable":true,"href":"https:\/\/elatelier.net\/en\/wp-json\/wp\/v2\/users\/1"}],"replies":[{"embeddable":true,"href":"https:\/\/elatelier.net\/en\/wp-json\/wp\/v2\/comments?post=3"}],"version-history":[{"count":3,"href":"https:\/\/elatelier.net\/en\/wp-json\/wp\/v2\/pages\/3\/revisions"}],"predecessor-version":[{"id":2503,"href":"https:\/\/elatelier.net\/en\/wp-json\/wp\/v2\/pages\/3\/revisions\/2503"}],"wp:attachment":[{"href":"https:\/\/elatelier.net\/en\/wp-json\/wp\/v2\/media?parent=3"}],"curies":[{"name":"wp","href":"https:\/\/api.w.org\/{rel}","templated":true}]}}